{"id":17814,"date":"2023-01-05T16:25:41","date_gmt":"2023-01-05T16:25:41","guid":{"rendered":"https:\/\/tekpanpanel.com\/?page_id=17814"},"modified":"2023-03-13T13:26:02","modified_gmt":"2023-03-13T13:26:02","slug":"seksiyonel-endustriyel-kapilar","status":"publish","type":"page","link":"https:\/\/tekpanpanel.com\/eski\/soguk-oda-kapilari\/seksiyonel-endustriyel-kapilar\/","title":{"rendered":"Seksiyonel (End\u00fcstriyel) Kap\u0131lar"},"content":{"rendered":"\t\t<div data-elementor-type=\"wp-page\" data-elementor-id=\"17814\" class=\"elementor elementor-17814\">\n\t\t\t\t\t\t<section class=\"elementor-section elementor-top-section elementor-element elementor-element-47812a5 elementor-section-boxed elementor-section-height-default elementor-section-height-default\" data-id=\"47812a5\" data-element_type=\"section\">\n\t\t\t\t\t\t<div class=\"elementor-container elementor-column-gap-default\">\n\t\t\t\t\t<div class=\"elementor-column elementor-col-50 elementor-top-column elementor-element elementor-element-6d0310b\" data-id=\"6d0310b\" data-element_type=\"column\">\n\t\t\t<div class=\"elementor-widget-wrap elementor-element-populated\">\n\t\t\t\t\t\t<div class=\"elementor-element elementor-element-51dcb4f elementor-widget elementor-widget-image\" data-id=\"51dcb4f\" data-element_type=\"widget\" data-widget_type=\"image.default\">\n\t\t\t\t<div class=\"elementor-widget-container\">\n\t\t\t\t\t\t\t\t\t\t\t\t\t<img fetchpriority=\"high\" decoding=\"async\" width=\"800\" height=\"800\" src=\"https:\/\/tekpanpanel.com\/eski\/wp-content\/uploads\/2023\/03\/8.-Seksiyonel-Kapi-1024x1024.png\" class=\"attachment-large size-large wp-image-18058\" alt=\"\" srcset=\"https:\/\/tekpanpanel.com\/eski\/wp-content\/uploads\/2023\/03\/8.-Seksiyonel-Kapi-1024x1024.png 1024w, https:\/\/tekpanpanel.com\/eski\/wp-content\/uploads\/2023\/03\/8.-Seksiyonel-Kapi-300x300.png 300w, https:\/\/tekpanpanel.com\/eski\/wp-content\/uploads\/2023\/03\/8.-Seksiyonel-Kapi-150x150.png 150w, https:\/\/tekpanpanel.com\/eski\/wp-content\/uploads\/2023\/03\/8.-Seksiyonel-Kapi-768x768.png 768w, https:\/\/tekpanpanel.com\/eski\/wp-content\/uploads\/2023\/03\/8.-Seksiyonel-Kapi.png 1080w\" sizes=\"(max-width: 800px) 100vw, 800px\" \/>\t\t\t\t\t\t\t\t\t\t\t\t\t<\/div>\n\t\t\t\t<\/div>\n\t\t\t\t\t<\/div>\n\t\t<\/div>\n\t\t\t\t<div class=\"elementor-column elementor-col-50 elementor-top-column elementor-element elementor-element-23afd63\" data-id=\"23afd63\" data-element_type=\"column\">\n\t\t\t<div class=\"elementor-widget-wrap elementor-element-populated\">\n\t\t\t\t\t\t<div class=\"elementor-element elementor-element-6cec283 elementor-widget-divider--view-line_text elementor-widget-divider--element-align-center elementor-widget elementor-widget-divider\" data-id=\"6cec283\" data-element_type=\"widget\" data-widget_type=\"divider.default\">\n\t\t\t\t<div class=\"elementor-widget-container\">\n\t\t\t\t\t<div class=\"elementor-divider\">\n\t\t\t<span class=\"elementor-divider-separator\">\n\t\t\t\t\t\t\t<span class=\"elementor-divider__text elementor-divider__element\">\n\t\t\t\tSeksiyonel (End\u00fcstriyel) Kap\u0131lar\t\t\t\t<\/span>\n\t\t\t\t\t\t<\/span>\n\t\t<\/div>\n\t\t\t\t<\/div>\n\t\t\t\t<\/div>\n\t\t\t\t<div class=\"elementor-element elementor-element-d214ed3 elementor-widget elementor-widget-text-editor\" data-id=\"d214ed3\" data-element_type=\"widget\" data-widget_type=\"text-editor.default\">\n\t\t\t\t<div class=\"elementor-widget-container\">\n\t\t\t\t\t\t\t<p><span style=\"font-weight: 400;\">Garaj, hangar ya da fabrika kap\u0131s\u0131 olarak kullan\u0131labilen seksiyonel kap\u0131lar; izolasyon odakl\u0131 olarak y\u00fcksek \u0131s\u0131 ve toz yal\u0131t\u0131m\u0131 sa\u011flamaktad\u0131r. Seksiyonel kap\u0131lar\u0131n i\u00e7 ve d\u0131\u015f y\u00fczeyleri tercihinize ba\u011fl\u0131 olarak \u00e7elik veya al\u00fcminyum olarak \u00fcretilebilmektedir. Pencereli veya penceresiz olarak \u00fcretim yap\u0131labilmektedir.\u00a0<\/span><\/p>\t\t\t\t\t\t<\/div>\n\t\t\t\t<\/div>\n\t\t\t\t<div class=\"elementor-element elementor-element-022d137 elementor-widget elementor-widget-text-editor\" data-id=\"022d137\" data-element_type=\"widget\" data-widget_type=\"text-editor.default\">\n\t\t\t\t<div class=\"elementor-widget-container\">\n\t\t\t\t\t\t\t<div id=\"\" class=\"elementor-element elementor-element-edit-mode elementor-element-b8bd253 elementor-element--toggle-edit-tools elementor-widget elementor-widget-text-editor elementor-widget-tablet__width-initial elementor-widget-mobile__width-inherit bdt-background-overlay-yes\" data-id=\"b8bd253\" data-element_type=\"widget\" data-model-cid=\"c132\" data-widget_type=\"text-editor.default\"><div class=\"elementor-widget-container\"><div class=\"elementor-text-editor elementor-clearfix elementor-inline-editing\" data-elementor-setting-key=\"editor\" data-elementor-inline-editing-toolbar=\"advanced\"><p><b>Teknik \u00d6zellikler<\/b><br \/><br \/><br \/><b><i>Malzeme: <\/i><\/b><span style=\"font-weight: 400;\">POLY, PVC, CRNI<\/span><br \/><br \/><b><i>Kanat Kal\u0131nl\u0131\u011f\u0131:<\/i><\/b><span style=\"font-weight: 400;\"> 2250 mm \u2013 8000 mm<\/span><br \/><br \/><span style=\"font-weight: 400;\">Seksiyonel kap\u0131lar iki sac aras\u0131nda poli\u00fcretan dolgulu olarak \u00fcretilmektedir.\u00a0<\/span><br \/><br \/><span style=\"font-weight: 400;\">Kap\u0131lar, talepleriniz do\u011frultusunda 2000 mm ile 6000mm y\u00fckseklik aras\u0131nda \u00fcretilmektedir.\u00a0<\/span><\/p><\/div><\/div><\/div>\t\t\t\t\t\t<\/div>\n\t\t\t\t<\/div>\n\t\t\t\t\t<\/div>\n\t\t<\/div>\n\t\t\t\t\t<\/div>\n\t\t<\/section>\n\t\t\t\t<\/div>\n\t\t","protected":false},"excerpt":{"rendered":"<p>Seksiyonel (End\u00fcstriyel) Kap\u0131lar Garaj, hangar ya da fabrika kap\u0131s\u0131 olarak kullan\u0131labilen seksiyonel kap\u0131lar; izolasyon odakl\u0131 olarak y\u00fcksek \u0131s\u0131 ve toz yal\u0131t\u0131m\u0131 sa\u011flamaktad\u0131r. Seksiyonel kap\u0131lar\u0131n i\u00e7 ve d\u0131\u015f y\u00fczeyleri tercihinize ba\u011fl\u0131 olarak \u00e7elik veya al\u00fcminyum olarak \u00fcretilebilmektedir. Pencereli veya penceresiz olarak \u00fcretim yap\u0131labilmektedir.\u00a0 Teknik \u00d6zellikler Malzeme: POLY, PVC, CRNI Kanat Kal\u0131nl\u0131\u011f\u0131: 2250 mm \u2013 8000 mm [&hellip;]<\/p>\n","protected":false},"author":1,"featured_media":0,"parent":971,"menu_order":0,"comment_status":"closed","ping_status":"closed","template":"","meta":{"om_disable_all_campaigns":false,"footnotes":""},"class_list":["post-17814","page","type-page","status-publish","hentry"],"aioseo_notices":[],"_links":{"self":[{"href":"https:\/\/tekpanpanel.com\/eski\/wp-json\/wp\/v2\/pages\/17814","targetHints":{"allow":["GET"]}}],"collection":[{"href":"https:\/\/tekpanpanel.com\/eski\/wp-json\/wp\/v2\/pages"}],"about":[{"href":"https:\/\/tekpanpanel.com\/eski\/wp-json\/wp\/v2\/types\/page"}],"author":[{"embeddable":true,"href":"https:\/\/tekpanpanel.com\/eski\/wp-json\/wp\/v2\/users\/1"}],"replies":[{"embeddable":true,"href":"https:\/\/tekpanpanel.com\/eski\/wp-json\/wp\/v2\/comments?post=17814"}],"version-history":[{"count":7,"href":"https:\/\/tekpanpanel.com\/eski\/wp-json\/wp\/v2\/pages\/17814\/revisions"}],"predecessor-version":[{"id":18077,"href":"https:\/\/tekpanpanel.com\/eski\/wp-json\/wp\/v2\/pages\/17814\/revisions\/18077"}],"up":[{"embeddable":true,"href":"https:\/\/tekpanpanel.com\/eski\/wp-json\/wp\/v2\/pages\/971"}],"wp:attachment":[{"href":"https:\/\/tekpanpanel.com\/eski\/wp-json\/wp\/v2\/media?parent=17814"}],"curies":[{"name":"wp","href":"https:\/\/api.w.org\/{rel}","templated":true}]}}