{"id":17952,"date":"2023-01-06T17:59:31","date_gmt":"2023-01-06T17:59:31","guid":{"rendered":"https:\/\/tekpanpanel.com\/?page_id=17952"},"modified":"2023-03-15T11:56:09","modified_gmt":"2023-03-15T11:56:09","slug":"endustriyel-tip-buz-makinasi","status":"publish","type":"page","link":"https:\/\/tekpanpanel.com\/eski\/endustriyel-tip-buz-makinasi\/","title":{"rendered":"End\u00fcstriyel Tip Buz Makinas\u0131"},"content":{"rendered":"\t\t<div data-elementor-type=\"wp-page\" data-elementor-id=\"17952\" class=\"elementor elementor-17952\">\n\t\t\t\t\t\t<section class=\"elementor-section elementor-top-section elementor-element elementor-element-8fe0a4a elementor-section-boxed elementor-section-height-default elementor-section-height-default\" data-id=\"8fe0a4a\" data-element_type=\"section\">\n\t\t\t\t\t\t<div class=\"elementor-container elementor-column-gap-default\">\n\t\t\t\t\t<div class=\"elementor-column elementor-col-100 elementor-top-column elementor-element elementor-element-95c7502\" data-id=\"95c7502\" data-element_type=\"column\">\n\t\t\t<div class=\"elementor-widget-wrap elementor-element-populated\">\n\t\t\t\t\t\t<div class=\"elementor-element elementor-element-363dd65 elementor-widget-divider--view-line_text elementor-widget-divider--element-align-center elementor-widget elementor-widget-divider\" data-id=\"363dd65\" data-element_type=\"widget\" data-widget_type=\"divider.default\">\n\t\t\t\t<div class=\"elementor-widget-container\">\n\t\t\t\t\t<div class=\"elementor-divider\">\n\t\t\t<span class=\"elementor-divider-separator\">\n\t\t\t\t\t\t\t<span class=\"elementor-divider__text elementor-divider__element\">\n\t\t\t\tEnd\u00fcstriyel Tip Buz Makinas\u0131\t\t\t\t<\/span>\n\t\t\t\t\t\t<\/span>\n\t\t<\/div>\n\t\t\t\t<\/div>\n\t\t\t\t<\/div>\n\t\t\t\t\t<\/div>\n\t\t<\/div>\n\t\t\t\t\t<\/div>\n\t\t<\/section>\n\t\t\t\t<section class=\"elementor-section elementor-top-section elementor-element elementor-element-de1c3eb elementor-section-boxed elementor-section-height-default elementor-section-height-default\" data-id=\"de1c3eb\" data-element_type=\"section\">\n\t\t\t\t\t\t<div class=\"elementor-container elementor-column-gap-default\">\n\t\t\t\t\t<div class=\"elementor-column elementor-col-33 elementor-top-column elementor-element elementor-element-b6634db\" data-id=\"b6634db\" data-element_type=\"column\">\n\t\t\t<div class=\"elementor-widget-wrap elementor-element-populated\">\n\t\t\t\t\t\t<div class=\"elementor-element elementor-element-9da205e bdt-global-link-yes elementor-widget elementor-widget-bdt-interactive-card\" data-id=\"9da205e\" data-element_type=\"widget\" data-widget_type=\"bdt-interactive-card.default\">\n\t\t\t\t<div class=\"elementor-widget-container\">\n\t\t\t        <div class=\"bdt-interactive-card bdt-interactive-card-default\" onclick=\"window.open(&#039;http:\/\/tekpanpanel.com\/endustriyel-tip-buz-makinasi\/tup-buz-makinesi\/&#039;, &#039;_self&#039;)\">\n\n            <div class=\"bdt-grid bdt-grid-collapse bdt-card-effect-top\">\n\n                <div class=\"bdt-width-1-1\">\n                            <div class=\"bdt-position-relative\">\n                                        <div class=\"bdt-image-hover-effect bdt-interactive-card-image\">\n                <div class=\"bdt-position-relative bdt-image-mask\">\n                    <img decoding=\"async\" src=\"https:\/\/tekpanpanel.com\/eski\/wp-content\/uploads\/2023\/03\/c.-Tup-Buz-Makinesi-768x768.png\"\n                         alt=\"T\u00fcp Buz Makinesi\">\n                <\/div>\n            <\/div>\n                    <\/div>\n                        <\/div>\n\n                <div class=\"bdt-width-1-1\">\n                    <div class=\"bdt-interactive-card-content\">\n                                            <div class=\"bdt-interactive-card-sub-title\">\n                            <\/div>\n        \n                    <h3 class=\"bdt-interactive-card-title\">\n            <span >\n                T\u00fcp Buz Makinesi            <\/span>\n            <\/h3>\n        \n        \n                    <div class=\"bdt-interactive-card-button\">\n                <a class=\"bdt-interactive-card-readmore bdt-display-inline-block\" href=\"http:\/\/tekpanpanel.com\/soguk-oda-panelleri\/duz-panel\/\">\n                    <span class=\"eicon-long-arrow-right\"><\/span>\n                    <span class=\"bdt-position-relative\">\n\t\t\t\t\t\tDETAYLI B\u0130LG\u0130\t\t\t\t\t<\/span>\n                <\/a>\n            <\/div>\n                                    <\/div>\n                <\/div>\n\n            <\/div>\n\n        <\/div>\n\n        \t\t<\/div>\n\t\t\t\t<\/div>\n\t\t\t\t\t<\/div>\n\t\t<\/div>\n\t\t\t\t<div class=\"elementor-column elementor-col-33 elementor-top-column elementor-element elementor-element-5888b8e\" data-id=\"5888b8e\" data-element_type=\"column\">\n\t\t\t<div class=\"elementor-widget-wrap\">\n\t\t\t\t\t\t\t<\/div>\n\t\t<\/div>\n\t\t\t\t<div class=\"elementor-column elementor-col-33 elementor-top-column elementor-element elementor-element-30f1b3d\" data-id=\"30f1b3d\" data-element_type=\"column\">\n\t\t\t<div class=\"elementor-widget-wrap\">\n\t\t\t\t\t\t\t<\/div>\n\t\t<\/div>\n\t\t\t\t\t<\/div>\n\t\t<\/section>\n\t\t\t\t<\/div>\n\t\t","protected":false},"excerpt":{"rendered":"<p>End\u00fcstriyel Tip Buz Makinas\u0131 T\u00fcp Buz Makinesi DETAYLI B\u0130LG\u0130<\/p>\n","protected":false},"author":1,"featured_media":0,"parent":0,"menu_order":0,"comment_status":"closed","ping_status":"closed","template":"","meta":{"om_disable_all_campaigns":false,"footnotes":""},"class_list":["post-17952","page","type-page","status-publish","hentry"],"aioseo_notices":[],"_links":{"self":[{"href":"https:\/\/tekpanpanel.com\/eski\/wp-json\/wp\/v2\/pages\/17952","targetHints":{"allow":["GET"]}}],"collection":[{"href":"https:\/\/tekpanpanel.com\/eski\/wp-json\/wp\/v2\/pages"}],"about":[{"href":"https:\/\/tekpanpanel.com\/eski\/wp-json\/wp\/v2\/types\/page"}],"author":[{"embeddable":true,"href":"https:\/\/tekpanpanel.com\/eski\/wp-json\/wp\/v2\/users\/1"}],"replies":[{"embeddable":true,"href":"https:\/\/tekpanpanel.com\/eski\/wp-json\/wp\/v2\/comments?post=17952"}],"version-history":[{"count":7,"href":"https:\/\/tekpanpanel.com\/eski\/wp-json\/wp\/v2\/pages\/17952\/revisions"}],"predecessor-version":[{"id":18344,"href":"https:\/\/tekpanpanel.com\/eski\/wp-json\/wp\/v2\/pages\/17952\/revisions\/18344"}],"wp:attachment":[{"href":"https:\/\/tekpanpanel.com\/eski\/wp-json\/wp\/v2\/media?parent=17952"}],"curies":[{"name":"wp","href":"https:\/\/api.w.org\/{rel}","templated":true}]}}