{"id":18304,"date":"2023-03-15T11:21:42","date_gmt":"2023-03-15T11:21:42","guid":{"rendered":"https:\/\/tekpanpanel.com\/?page_id=18304"},"modified":"2023-03-15T11:32:12","modified_gmt":"2023-03-15T11:32:12","slug":"blog-2","status":"publish","type":"page","link":"https:\/\/tekpanpanel.com\/eski\/blog-2\/","title":{"rendered":"Blog"},"content":{"rendered":"\t\t<div data-elementor-type=\"wp-page\" data-elementor-id=\"18304\" class=\"elementor elementor-18304\">\n\t\t\t\t\t\t<section class=\"elementor-section elementor-top-section elementor-element elementor-element-801cd91 elementor-section-boxed elementor-section-height-default elementor-section-height-default\" data-id=\"801cd91\" data-element_type=\"section\">\n\t\t\t\t\t\t<div class=\"elementor-container elementor-column-gap-default\">\n\t\t\t\t\t<div class=\"elementor-column elementor-col-100 elementor-top-column elementor-element elementor-element-be9c9d7\" data-id=\"be9c9d7\" data-element_type=\"column\">\n\t\t\t<div class=\"elementor-widget-wrap elementor-element-populated\">\n\t\t\t\t\t\t<div class=\"elementor-element elementor-element-4baf84e elementor-widget-divider--view-line_text elementor-widget-divider--element-align-center elementor-widget elementor-widget-divider\" data-id=\"4baf84e\" data-element_type=\"widget\" data-widget_type=\"divider.default\">\n\t\t\t\t<div class=\"elementor-widget-container\">\n\t\t\t\t\t<div class=\"elementor-divider\">\n\t\t\t<span class=\"elementor-divider-separator\">\n\t\t\t\t\t\t\t<span class=\"elementor-divider__text elementor-divider__element\">\n\t\t\t\tBlog\t\t\t\t<\/span>\n\t\t\t\t\t\t<\/span>\n\t\t<\/div>\n\t\t\t\t<\/div>\n\t\t\t\t<\/div>\n\t\t\t\t\t<\/div>\n\t\t<\/div>\n\t\t\t\t\t<\/div>\n\t\t<\/section>\n\t\t\t\t<section class=\"elementor-section elementor-top-section elementor-element elementor-element-a5d008e elementor-section-boxed elementor-section-height-default elementor-section-height-default\" data-id=\"a5d008e\" data-element_type=\"section\">\n\t\t\t\t\t\t<div class=\"elementor-container elementor-column-gap-default\">\n\t\t\t\t\t<div class=\"elementor-column elementor-col-100 elementor-top-column elementor-element elementor-element-a1130ec\" data-id=\"a1130ec\" data-element_type=\"column\">\n\t\t\t<div class=\"elementor-widget-wrap elementor-element-populated\">\n\t\t\t\t\t\t<div class=\"elementor-element elementor-element-d84a28e elementor-grid-2 elementor-grid-tablet-2 elementor-grid-mobile-1 elementor-posts--thumbnail-top elementor-widget elementor-widget-posts\" data-id=\"d84a28e\" data-element_type=\"widget\" data-settings=\"{&quot;classic_columns&quot;:&quot;2&quot;,&quot;classic_columns_tablet&quot;:&quot;2&quot;,&quot;classic_columns_mobile&quot;:&quot;1&quot;,&quot;classic_row_gap&quot;:{&quot;unit&quot;:&quot;px&quot;,&quot;size&quot;:35,&quot;sizes&quot;:[]},&quot;classic_row_gap_tablet&quot;:{&quot;unit&quot;:&quot;px&quot;,&quot;size&quot;:&quot;&quot;,&quot;sizes&quot;:[]},&quot;classic_row_gap_mobile&quot;:{&quot;unit&quot;:&quot;px&quot;,&quot;size&quot;:&quot;&quot;,&quot;sizes&quot;:[]}}\" data-widget_type=\"posts.classic\">\n\t\t\t\t<div class=\"elementor-widget-container\">\n\t\t\t\t\t<div class=\"elementor-posts-container elementor-posts elementor-posts--skin-classic elementor-grid\">\n\t\t\t\t<article class=\"elementor-post elementor-grid-item post-18301 post type-post status-publish format-standard has-post-thumbnail hentry category-uncategorized\">\n\t\t\t\t<a class=\"elementor-post__thumbnail__link\" href=\"https:\/\/tekpanpanel.com\/eski\/sogutma-yontemlerine-tarihsel-bir-bakis\/\" >\n\t\t\t<div class=\"elementor-post__thumbnail\"><img fetchpriority=\"high\" decoding=\"async\" width=\"1200\" height=\"628\" src=\"https:\/\/tekpanpanel.com\/eski\/wp-content\/uploads\/2023\/03\/Sogutma-Yontemlerine-Tarihsel-Bir-Bakis-Blog.png\" class=\"attachment-full size-full wp-image-18302\" alt=\"\" srcset=\"https:\/\/tekpanpanel.com\/eski\/wp-content\/uploads\/2023\/03\/Sogutma-Yontemlerine-Tarihsel-Bir-Bakis-Blog.png 1200w, https:\/\/tekpanpanel.com\/eski\/wp-content\/uploads\/2023\/03\/Sogutma-Yontemlerine-Tarihsel-Bir-Bakis-Blog-300x157.png 300w, https:\/\/tekpanpanel.com\/eski\/wp-content\/uploads\/2023\/03\/Sogutma-Yontemlerine-Tarihsel-Bir-Bakis-Blog-1024x536.png 1024w, https:\/\/tekpanpanel.com\/eski\/wp-content\/uploads\/2023\/03\/Sogutma-Yontemlerine-Tarihsel-Bir-Bakis-Blog-768x402.png 768w\" sizes=\"(max-width: 1200px) 100vw, 1200px\" \/><\/div>\n\t\t<\/a>\n\t\t\t\t<div class=\"elementor-post__text\">\n\t\t\t\t<h3 class=\"elementor-post__title\">\n\t\t\t<a href=\"https:\/\/tekpanpanel.com\/eski\/sogutma-yontemlerine-tarihsel-bir-bakis\/\" >\n\t\t\t\tSo\u011futma Y\u00f6ntemlerine Tarihsel Bir Bak\u0131\u015f\t\t\t<\/a>\n\t\t<\/h3>\n\t\t\t\t<div class=\"elementor-post__excerpt\">\n\t\t\t<p>So\u011futman\u0131n ge\u00e7mi\u015finin nereye kadar dayand\u0131\u011f\u0131n\u0131 hi\u00e7 d\u00fc\u015f\u00fcnd\u00fcn\u00fcz m\u00fc? So\u011futma, \u00e7ok eski y\u0131llardan beri insanl\u0131\u011f\u0131n hayat\u0131nda olan bir kavramd\u0131r. \u0130lk zamanlarda geli\u015ftirilen antik teknikler, teknolojinin geli\u015fmesiyle<\/p>\n\t\t<\/div>\n\t\t\n\t\t<a class=\"elementor-post__read-more\" href=\"https:\/\/tekpanpanel.com\/eski\/sogutma-yontemlerine-tarihsel-bir-bakis\/\" >\n\t\t\tDevam\u0131n\u0131 Oku\t\t<\/a>\n\n\t\t\t\t<\/div>\n\t\t\t\t<\/article>\n\t\t\t\t<article class=\"elementor-post elementor-grid-item post-18298 post type-post status-publish format-standard has-post-thumbnail hentry category-uncategorized\">\n\t\t\t\t<a class=\"elementor-post__thumbnail__link\" href=\"https:\/\/tekpanpanel.com\/eski\/soguk-hava-deposu-panel-cesitleri\/\" >\n\t\t\t<div class=\"elementor-post__thumbnail\"><img decoding=\"async\" width=\"1200\" height=\"628\" src=\"https:\/\/tekpanpanel.com\/eski\/wp-content\/uploads\/2023\/03\/Soguk-Hava-Deposu-Panel-Cesitleri.png\" class=\"attachment-full size-full wp-image-18299\" alt=\"\" srcset=\"https:\/\/tekpanpanel.com\/eski\/wp-content\/uploads\/2023\/03\/Soguk-Hava-Deposu-Panel-Cesitleri.png 1200w, https:\/\/tekpanpanel.com\/eski\/wp-content\/uploads\/2023\/03\/Soguk-Hava-Deposu-Panel-Cesitleri-300x157.png 300w, https:\/\/tekpanpanel.com\/eski\/wp-content\/uploads\/2023\/03\/Soguk-Hava-Deposu-Panel-Cesitleri-1024x536.png 1024w, https:\/\/tekpanpanel.com\/eski\/wp-content\/uploads\/2023\/03\/Soguk-Hava-Deposu-Panel-Cesitleri-768x402.png 768w\" sizes=\"(max-width: 1200px) 100vw, 1200px\" \/><\/div>\n\t\t<\/a>\n\t\t\t\t<div class=\"elementor-post__text\">\n\t\t\t\t<h3 class=\"elementor-post__title\">\n\t\t\t<a href=\"https:\/\/tekpanpanel.com\/eski\/soguk-hava-deposu-panel-cesitleri\/\" >\n\t\t\t\tSo\u011fuk Hava Deposu Panel \u00c7e\u015fitleri\t\t\t<\/a>\n\t\t<\/h3>\n\t\t\t\t<div class=\"elementor-post__excerpt\">\n\t\t\t<p>So\u011fuk hava depolar\u0131, yiyeceklerimizi g\u00fcvenle depolayabilmemiz i\u00e7in bize gerekli saklama ko\u015fullar\u0131n\u0131 sa\u011flar. Depolar\u0131n i\u015flevlerini y\u00fcr\u00fctebilmeleri i\u00e7in baz\u0131 par\u00e7alara ihtiyac\u0131 vard\u0131r. Bunlardan birisi de paneldir. Paneller,<\/p>\n\t\t<\/div>\n\t\t\n\t\t<a class=\"elementor-post__read-more\" href=\"https:\/\/tekpanpanel.com\/eski\/soguk-hava-deposu-panel-cesitleri\/\" >\n\t\t\tDevam\u0131n\u0131 Oku\t\t<\/a>\n\n\t\t\t\t<\/div>\n\t\t\t\t<\/article>\n\t\t\t\t<\/div>\n\t\t\n\t\t\t\t<\/div>\n\t\t\t\t<\/div>\n\t\t\t\t\t<\/div>\n\t\t<\/div>\n\t\t\t\t\t<\/div>\n\t\t<\/section>\n\t\t\t\t<\/div>\n\t\t","protected":false},"excerpt":{"rendered":"<p>Blog<\/p>\n","protected":false},"author":1,"featured_media":0,"parent":0,"menu_order":0,"comment_status":"closed","ping_status":"closed","template":"","meta":{"om_disable_all_campaigns":false,"footnotes":""},"class_list":["post-18304","page","type-page","status-publish","hentry"],"aioseo_notices":[],"_links":{"self":[{"href":"https:\/\/tekpanpanel.com\/eski\/wp-json\/wp\/v2\/pages\/18304","targetHints":{"allow":["GET"]}}],"collection":[{"href":"https:\/\/tekpanpanel.com\/eski\/wp-json\/wp\/v2\/pages"}],"about":[{"href":"https:\/\/tekpanpanel.com\/eski\/wp-json\/wp\/v2\/types\/page"}],"author":[{"embeddable":true,"href":"https:\/\/tekpanpanel.com\/eski\/wp-json\/wp\/v2\/users\/1"}],"replies":[{"embeddable":true,"href":"https:\/\/tekpanpanel.com\/eski\/wp-json\/wp\/v2\/comments?post=18304"}],"version-history":[{"count":7,"href":"https:\/\/tekpanpanel.com\/eski\/wp-json\/wp\/v2\/pages\/18304\/revisions"}],"predecessor-version":[{"id":18323,"href":"https:\/\/tekpanpanel.com\/eski\/wp-json\/wp\/v2\/pages\/18304\/revisions\/18323"}],"wp:attachment":[{"href":"https:\/\/tekpanpanel.com\/eski\/wp-json\/wp\/v2\/media?parent=18304"}],"curies":[{"name":"wp","href":"https:\/\/api.w.org\/{rel}","templated":true}]}}