{"id":283,"date":"2022-07-20T10:52:16","date_gmt":"2022-07-20T10:52:16","guid":{"rendered":"https:\/\/tekpanpanel.com\/stratejik-partner-2\/"},"modified":"2023-01-02T12:35:02","modified_gmt":"2023-01-02T12:35:02","slug":"referanslar","status":"publish","type":"page","link":"https:\/\/tekpanpanel.com\/eski\/referanslar\/","title":{"rendered":"Referanslar"},"content":{"rendered":"\t\t<div data-elementor-type=\"wp-page\" data-elementor-id=\"283\" class=\"elementor elementor-283\">\n\t\t\t\t\t\t<section class=\"elementor-section elementor-top-section elementor-element elementor-element-990b339 elementor-section-boxed elementor-section-height-default elementor-section-height-default\" data-id=\"990b339\" data-element_type=\"section\">\n\t\t\t\t\t\t<div class=\"elementor-container elementor-column-gap-default\">\n\t\t\t\t\t<div class=\"elementor-column elementor-col-100 elementor-top-column elementor-element elementor-element-c521c05\" data-id=\"c521c05\" data-element_type=\"column\">\n\t\t\t<div class=\"elementor-widget-wrap elementor-element-populated\">\n\t\t\t\t\t\t<div class=\"elementor-element elementor-element-e4a8a93 elementor-widget-divider--view-line_text elementor-widget-divider--element-align-center elementor-widget elementor-widget-divider\" data-id=\"e4a8a93\" data-element_type=\"widget\" data-widget_type=\"divider.default\">\n\t\t\t\t<div class=\"elementor-widget-container\">\n\t\t\t\t\t<div class=\"elementor-divider\">\n\t\t\t<span class=\"elementor-divider-separator\">\n\t\t\t\t\t\t\t<span class=\"elementor-divider__text elementor-divider__element\">\n\t\t\t\tReferanslar\t\t\t\t<\/span>\n\t\t\t\t\t\t<\/span>\n\t\t<\/div>\n\t\t\t\t<\/div>\n\t\t\t\t<\/div>\n\t\t\t\t\t<\/div>\n\t\t<\/div>\n\t\t\t\t\t<\/div>\n\t\t<\/section>\n\t\t\t\t<section class=\"elementor-section elementor-top-section elementor-element elementor-element-fd8517a elementor-section-boxed elementor-section-height-default elementor-section-height-default\" data-id=\"fd8517a\" data-element_type=\"section\">\n\t\t\t\t\t\t<div class=\"elementor-container elementor-column-gap-default\">\n\t\t\t\t\t<div class=\"elementor-column elementor-col-33 elementor-top-column elementor-element elementor-element-5d6a19a\" data-id=\"5d6a19a\" data-element_type=\"column\">\n\t\t\t<div class=\"elementor-widget-wrap elementor-element-populated\">\n\t\t\t\t\t\t<div class=\"elementor-element elementor-element-21de57c elementor-widget elementor-widget-image\" data-id=\"21de57c\" data-element_type=\"widget\" data-widget_type=\"image.default\">\n\t\t\t\t<div class=\"elementor-widget-container\">\n\t\t\t\t\t\t\t\t\t\t\t\t\t\t<a href=\"http:\/\/www.ahmetyar.com.tr\">\n\t\t\t\t\t\t\t<img decoding=\"async\" width=\"226\" height=\"100\" src=\"https:\/\/tekpanpanel.com\/eski\/wp-content\/uploads\/2022\/10\/a101.png\" class=\"elementor-animation-bob attachment-full size-full wp-image-176\" alt=\"\" \/>\t\t\t\t\t\t\t\t<\/a>\n\t\t\t\t\t\t\t\t\t\t\t\t\t<\/div>\n\t\t\t\t<\/div>\n\t\t\t\t\t<\/div>\n\t\t<\/div>\n\t\t\t\t<div class=\"elementor-column elementor-col-33 elementor-top-column elementor-element elementor-element-1b3600e\" data-id=\"1b3600e\" data-element_type=\"column\">\n\t\t\t<div class=\"elementor-widget-wrap elementor-element-populated\">\n\t\t\t\t\t\t<div class=\"elementor-element elementor-element-19506fb elementor-widget elementor-widget-image\" data-id=\"19506fb\" data-element_type=\"widget\" data-widget_type=\"image.default\">\n\t\t\t\t<div class=\"elementor-widget-container\">\n\t\t\t\t\t\t\t\t\t\t\t\t\t\t<a href=\"http:\/\/www.cantas.com\">\n\t\t\t\t\t\t\t<img decoding=\"async\" width=\"226\" height=\"100\" src=\"https:\/\/tekpanpanel.com\/eski\/wp-content\/uploads\/2022\/10\/getir.png\" class=\"elementor-animation-bob attachment-medium size-medium wp-image-149\" alt=\"\" \/>\t\t\t\t\t\t\t\t<\/a>\n\t\t\t\t\t\t\t\t\t\t\t\t\t<\/div>\n\t\t\t\t<\/div>\n\t\t\t\t\t<\/div>\n\t\t<\/div>\n\t\t\t\t<div class=\"elementor-column elementor-col-33 elementor-top-column elementor-element elementor-element-3e8397f\" data-id=\"3e8397f\" data-element_type=\"column\">\n\t\t\t<div class=\"elementor-widget-wrap elementor-element-populated\">\n\t\t\t\t\t\t<div class=\"elementor-element elementor-element-f26d9f1 elementor-widget elementor-widget-image\" data-id=\"f26d9f1\" data-element_type=\"widget\" data-widget_type=\"image.default\">\n\t\t\t\t<div class=\"elementor-widget-container\">\n\t\t\t\t\t\t\t\t\t\t\t\t\t\t<a href=\"http:\/\/www.akdenizsogutma.com.tr\">\n\t\t\t\t\t\t\t<img decoding=\"async\" width=\"226\" height=\"100\" src=\"https:\/\/tekpanpanel.com\/eski\/wp-content\/uploads\/2022\/10\/kofteciyusuf.png\" class=\"elementor-animation-bob attachment-full size-full wp-image-156\" alt=\"\" \/>\t\t\t\t\t\t\t\t<\/a>\n\t\t\t\t\t\t\t\t\t\t\t\t\t<\/div>\n\t\t\t\t<\/div>\n\t\t\t\t\t<\/div>\n\t\t<\/div>\n\t\t\t\t\t<\/div>\n\t\t<\/section>\n\t\t\t\t<section class=\"elementor-section elementor-top-section elementor-element elementor-element-7afcf81 elementor-section-boxed elementor-section-height-default elementor-section-height-default\" data-id=\"7afcf81\" data-element_type=\"section\">\n\t\t\t\t\t\t<div class=\"elementor-container elementor-column-gap-default\">\n\t\t\t\t\t<div class=\"elementor-column elementor-col-33 elementor-top-column elementor-element elementor-element-84ee825\" data-id=\"84ee825\" data-element_type=\"column\">\n\t\t\t<div class=\"elementor-widget-wrap elementor-element-populated\">\n\t\t\t\t\t\t<div class=\"elementor-element elementor-element-de57e0e elementor-widget elementor-widget-image\" data-id=\"de57e0e\" data-element_type=\"widget\" data-widget_type=\"image.default\">\n\t\t\t\t<div class=\"elementor-widget-container\">\n\t\t\t\t\t\t\t\t\t\t\t\t\t\t<a href=\"http:\/\/www.tekso.com\">\n\t\t\t\t\t\t\t<img loading=\"lazy\" decoding=\"async\" width=\"226\" height=\"100\" src=\"https:\/\/tekpanpanel.com\/eski\/wp-content\/uploads\/2022\/10\/hdholding.png\" class=\"elementor-animation-bob attachment-full size-full wp-image-153\" alt=\"\" \/>\t\t\t\t\t\t\t\t<\/a>\n\t\t\t\t\t\t\t\t\t\t\t\t\t<\/div>\n\t\t\t\t<\/div>\n\t\t\t\t\t<\/div>\n\t\t<\/div>\n\t\t\t\t<div class=\"elementor-column elementor-col-33 elementor-top-column elementor-element elementor-element-fc083e8\" data-id=\"fc083e8\" data-element_type=\"column\">\n\t\t\t<div class=\"elementor-widget-wrap elementor-element-populated\">\n\t\t\t\t\t\t<div class=\"elementor-element elementor-element-2fd5fe5 elementor-widget elementor-widget-image\" data-id=\"2fd5fe5\" data-element_type=\"widget\" data-widget_type=\"image.default\">\n\t\t\t\t<div class=\"elementor-widget-container\">\n\t\t\t\t\t\t\t\t\t\t\t\t\t\t<a href=\"http:\/\/www.noktadizayn.com.tr\">\n\t\t\t\t\t\t\t<img loading=\"lazy\" decoding=\"async\" width=\"226\" height=\"100\" src=\"https:\/\/tekpanpanel.com\/eski\/wp-content\/uploads\/2022\/10\/notadesign.png\" class=\"elementor-animation-bob attachment-full size-full wp-image-160\" alt=\"\" \/>\t\t\t\t\t\t\t\t<\/a>\n\t\t\t\t\t\t\t\t\t\t\t\t\t<\/div>\n\t\t\t\t<\/div>\n\t\t\t\t\t<\/div>\n\t\t<\/div>\n\t\t\t\t<div class=\"elementor-column elementor-col-33 elementor-top-column elementor-element elementor-element-0b17b28\" data-id=\"0b17b28\" data-element_type=\"column\">\n\t\t\t<div class=\"elementor-widget-wrap elementor-element-populated\">\n\t\t\t\t\t\t<div class=\"elementor-element elementor-element-1e404e2 elementor-widget elementor-widget-image\" data-id=\"1e404e2\" data-element_type=\"widget\" data-widget_type=\"image.default\">\n\t\t\t\t<div class=\"elementor-widget-container\">\n\t\t\t\t\t\t\t\t\t\t\t\t\t\t<a href=\"http:\/\/www.ahmetyar.com.tr\">\n\t\t\t\t\t\t\t<img loading=\"lazy\" decoding=\"async\" width=\"226\" height=\"100\" src=\"https:\/\/tekpanpanel.com\/eski\/wp-content\/uploads\/2022\/10\/tavukdunyasi.png\" class=\"elementor-animation-bob attachment-full size-full wp-image-167\" alt=\"\" \/>\t\t\t\t\t\t\t\t<\/a>\n\t\t\t\t\t\t\t\t\t\t\t\t\t<\/div>\n\t\t\t\t<\/div>\n\t\t\t\t\t<\/div>\n\t\t<\/div>\n\t\t\t\t\t<\/div>\n\t\t<\/section>\n\t\t\t\t<section class=\"elementor-section elementor-top-section elementor-element elementor-element-1bb8056 elementor-section-boxed elementor-section-height-default elementor-section-height-default\" data-id=\"1bb8056\" data-element_type=\"section\">\n\t\t\t\t\t\t<div class=\"elementor-container elementor-column-gap-default\">\n\t\t\t\t\t<div class=\"elementor-column elementor-col-33 elementor-top-column elementor-element elementor-element-b691e34\" data-id=\"b691e34\" data-element_type=\"column\">\n\t\t\t<div class=\"elementor-widget-wrap elementor-element-populated\">\n\t\t\t\t\t\t<div class=\"elementor-element elementor-element-0c655a4 elementor-widget elementor-widget-image\" data-id=\"0c655a4\" data-element_type=\"widget\" data-widget_type=\"image.default\">\n\t\t\t\t<div class=\"elementor-widget-container\">\n\t\t\t\t\t\t\t\t\t\t\t\t\t\t<a href=\"http:\/\/www.cantas.com\">\n\t\t\t\t\t\t\t<img loading=\"lazy\" decoding=\"async\" width=\"226\" height=\"100\" src=\"https:\/\/tekpanpanel.com\/eski\/wp-content\/uploads\/2022\/10\/terrapizza.png\" class=\"elementor-animation-bob attachment-medium size-medium wp-image-171\" alt=\"\" \/>\t\t\t\t\t\t\t\t<\/a>\n\t\t\t\t\t\t\t\t\t\t\t\t\t<\/div>\n\t\t\t\t<\/div>\n\t\t\t\t\t<\/div>\n\t\t<\/div>\n\t\t\t\t<div class=\"elementor-column elementor-col-33 elementor-top-column elementor-element elementor-element-bf0aa54\" data-id=\"bf0aa54\" data-element_type=\"column\">\n\t\t\t<div class=\"elementor-widget-wrap elementor-element-populated\">\n\t\t\t\t\t\t<div class=\"elementor-element elementor-element-1f74ade elementor-widget elementor-widget-image\" data-id=\"1f74ade\" data-element_type=\"widget\" data-widget_type=\"image.default\">\n\t\t\t\t<div class=\"elementor-widget-container\">\n\t\t\t\t\t\t\t\t\t\t\t\t\t\t<a href=\"http:\/\/www.akdenizsogutma.com.tr\">\n\t\t\t\t\t\t\t<img loading=\"lazy\" decoding=\"async\" width=\"226\" height=\"100\" src=\"https:\/\/tekpanpanel.com\/eski\/wp-content\/uploads\/2022\/10\/kasapdoner.png\" class=\"elementor-animation-bob attachment-full size-full wp-image-155\" alt=\"\" \/>\t\t\t\t\t\t\t\t<\/a>\n\t\t\t\t\t\t\t\t\t\t\t\t\t<\/div>\n\t\t\t\t<\/div>\n\t\t\t\t\t<\/div>\n\t\t<\/div>\n\t\t\t\t<div class=\"elementor-column elementor-col-33 elementor-top-column elementor-element elementor-element-7a6e203\" data-id=\"7a6e203\" data-element_type=\"column\">\n\t\t\t<div class=\"elementor-widget-wrap elementor-element-populated\">\n\t\t\t\t\t\t<div class=\"elementor-element elementor-element-2a4392e elementor-widget elementor-widget-image\" data-id=\"2a4392e\" data-element_type=\"widget\" data-widget_type=\"image.default\">\n\t\t\t\t<div class=\"elementor-widget-container\">\n\t\t\t\t\t\t\t\t\t\t\t\t\t\t<a href=\"http:\/\/www.akdenizsogutma.com.tr\">\n\t\t\t\t\t\t\t<img loading=\"lazy\" decoding=\"async\" width=\"226\" height=\"100\" src=\"https:\/\/tekpanpanel.com\/eski\/wp-content\/uploads\/2022\/10\/txo.jpg\" class=\"elementor-animation-bob attachment-full size-full wp-image-172\" alt=\"\" \/>\t\t\t\t\t\t\t\t<\/a>\n\t\t\t\t\t\t\t\t\t\t\t\t\t<\/div>\n\t\t\t\t<\/div>\n\t\t\t\t\t<\/div>\n\t\t<\/div>\n\t\t\t\t\t<\/div>\n\t\t<\/section>\n\t\t\t\t<section class=\"elementor-section elementor-top-section elementor-element elementor-element-6f36992 elementor-section-boxed elementor-section-height-default elementor-section-height-default\" data-id=\"6f36992\" data-element_type=\"section\">\n\t\t\t\t\t\t<div class=\"elementor-container elementor-column-gap-default\">\n\t\t\t\t\t<div class=\"elementor-column elementor-col-100 elementor-top-column elementor-element elementor-element-4b24876\" data-id=\"4b24876\" data-element_type=\"column\">\n\t\t\t<div class=\"elementor-widget-wrap elementor-element-populated\">\n\t\t\t\t\t\t<div class=\"elementor-element elementor-element-66ef847 elementor-widget elementor-widget-text-editor\" data-id=\"66ef847\" data-element_type=\"widget\" data-widget_type=\"text-editor.default\">\n\t\t\t\t<div class=\"elementor-widget-container\">\n\t\t\t\t\t\t\t<p>Anl\u0131k hizmet talep eden perakende d\u00fcnyas\u0131ndan y\u00fczlerce market,Ulusal ve uluslararas\u0131 sekt\u00f6rde \u00e7al\u0131\u015ft\u0131\u011f\u0131m\u0131z y\u00fczlerce so\u011futma bayilerimiz Ve isimlerini yazamayaca\u011f\u0131m\u0131z say\u0131da kurum ve kurulu\u015fa, kaliteli \u00fcr\u00fcnlerimiz ve s\u00fcrekli artan i\u015f hacmimizle destek olmaya devam ediyoruz.<\/p><p>Yayg\u0131n hizmet a\u011f\u0131m\u0131z ve i\u015finde uzman ekiplerimizle, daha kaliteli ve ekonomik \u00e7\u00f6z\u00fcmlerimizden faydalanmak isterseniz, size bir telefon kadar yak\u0131n\u0131z.<\/p>\t\t\t\t\t\t<\/div>\n\t\t\t\t<\/div>\n\t\t\t\t\t<\/div>\n\t\t<\/div>\n\t\t\t\t\t<\/div>\n\t\t<\/section>\n\t\t\t\t<\/div>\n\t\t","protected":false},"excerpt":{"rendered":"<p>Referanslar Anl\u0131k hizmet talep eden perakende d\u00fcnyas\u0131ndan y\u00fczlerce market,Ulusal ve uluslararas\u0131 sekt\u00f6rde \u00e7al\u0131\u015ft\u0131\u011f\u0131m\u0131z y\u00fczlerce so\u011futma bayilerimiz Ve isimlerini yazamayaca\u011f\u0131m\u0131z say\u0131da kurum ve kurulu\u015fa, kaliteli \u00fcr\u00fcnlerimiz ve s\u00fcrekli artan i\u015f hacmimizle destek olmaya devam ediyoruz. Yayg\u0131n hizmet a\u011f\u0131m\u0131z ve i\u015finde uzman ekiplerimizle, daha kaliteli ve ekonomik \u00e7\u00f6z\u00fcmlerimizden faydalanmak isterseniz, size bir telefon kadar yak\u0131n\u0131z.<\/p>\n","protected":false},"author":1,"featured_media":0,"parent":0,"menu_order":0,"comment_status":"closed","ping_status":"closed","template":"","meta":{"om_disable_all_campaigns":false,"footnotes":""},"class_list":["post-283","page","type-page","status-publish","hentry"],"aioseo_notices":[],"_links":{"self":[{"href":"https:\/\/tekpanpanel.com\/eski\/wp-json\/wp\/v2\/pages\/283","targetHints":{"allow":["GET"]}}],"collection":[{"href":"https:\/\/tekpanpanel.com\/eski\/wp-json\/wp\/v2\/pages"}],"about":[{"href":"https:\/\/tekpanpanel.com\/eski\/wp-json\/wp\/v2\/types\/page"}],"author":[{"embeddable":true,"href":"https:\/\/tekpanpanel.com\/eski\/wp-json\/wp\/v2\/users\/1"}],"replies":[{"embeddable":true,"href":"https:\/\/tekpanpanel.com\/eski\/wp-json\/wp\/v2\/comments?post=283"}],"version-history":[{"count":17,"href":"https:\/\/tekpanpanel.com\/eski\/wp-json\/wp\/v2\/pages\/283\/revisions"}],"predecessor-version":[{"id":18416,"href":"https:\/\/tekpanpanel.com\/eski\/wp-json\/wp\/v2\/pages\/283\/revisions\/18416"}],"wp:attachment":[{"href":"https:\/\/tekpanpanel.com\/eski\/wp-json\/wp\/v2\/media?parent=283"}],"curies":[{"name":"wp","href":"https:\/\/api.w.org\/{rel}","templated":true}]}}