{"id":694,"date":"2022-07-19T12:04:32","date_gmt":"2022-07-19T12:04:32","guid":{"rendered":"https:\/\/tekpanpanel.com\/endustriyel-2\/"},"modified":"2023-01-05T15:42:17","modified_gmt":"2023-01-05T15:42:17","slug":"sertifikalar","status":"publish","type":"page","link":"https:\/\/tekpanpanel.com\/eski\/sertifikalar\/","title":{"rendered":"Sertifikalar"},"content":{"rendered":"\t\t<div data-elementor-type=\"wp-page\" data-elementor-id=\"694\" class=\"elementor elementor-694\">\n\t\t\t\t\t\t<section class=\"elementor-section elementor-top-section elementor-element elementor-element-110009f elementor-section-boxed elementor-section-height-default elementor-section-height-default\" data-id=\"110009f\" data-element_type=\"section\">\n\t\t\t\t\t\t<div class=\"elementor-container elementor-column-gap-default\">\n\t\t\t\t\t<div class=\"elementor-column elementor-col-100 elementor-top-column elementor-element elementor-element-b327c16\" data-id=\"b327c16\" data-element_type=\"column\">\n\t\t\t<div class=\"elementor-widget-wrap elementor-element-populated\">\n\t\t\t\t\t\t<div class=\"elementor-element elementor-element-740823a elementor-widget-divider--view-line_text elementor-widget-divider--element-align-center elementor-widget elementor-widget-divider\" data-id=\"740823a\" data-element_type=\"widget\" data-widget_type=\"divider.default\">\n\t\t\t\t<div class=\"elementor-widget-container\">\n\t\t\t\t\t<div class=\"elementor-divider\">\n\t\t\t<span class=\"elementor-divider-separator\">\n\t\t\t\t\t\t\t<span class=\"elementor-divider__text elementor-divider__element\">\n\t\t\t\tSertifikalar\t\t\t\t<\/span>\n\t\t\t\t\t\t<\/span>\n\t\t<\/div>\n\t\t\t\t<\/div>\n\t\t\t\t<\/div>\n\t\t\t\t<div class=\"elementor-element elementor-element-d542c9f elementor-widget elementor-widget-text-editor\" data-id=\"d542c9f\" data-element_type=\"widget\" data-widget_type=\"text-editor.default\">\n\t\t\t\t<div class=\"elementor-widget-container\">\n\t\t\t\t\t\t\t<p>S\u00fcrekli geli\u015fim felsefesiyle m\u00fc\u015fterilerimizin beklentilerini en h\u0131zl\u0131 ve do\u011fru \u015fekilde<br \/>kar\u015f\u0131lamak temel amac\u0131m\u0131zd\u0131r. Bu ba\u011flamda \u00e7evrenin korunmas\u0131, enerji verimlili\u011fi ve<br \/>s\u00fcrd\u00fcr\u00fclebilirli\u011fin sa\u011flanmas\u0131 amac\u0131yla TSE \u015fartlar\u0131na ve yasal y\u00fck\u00fcml\u00fcl\u00fcklere uyum<br \/>sa\u011flanarak \u00fcretim yapmakta ve hizmet vermekteyiz.<\/p>\t\t\t\t\t\t<\/div>\n\t\t\t\t<\/div>\n\t\t\t\t\t<\/div>\n\t\t<\/div>\n\t\t\t\t\t<\/div>\n\t\t<\/section>\n\t\t\t\t<section class=\"elementor-section elementor-top-section elementor-element elementor-element-bc18419 elementor-section-boxed elementor-section-height-default elementor-section-height-default\" data-id=\"bc18419\" data-element_type=\"section\">\n\t\t\t\t\t\t<div class=\"elementor-container elementor-column-gap-default\">\n\t\t\t\t\t<div class=\"elementor-column elementor-col-33 elementor-top-column elementor-element elementor-element-a33350f\" data-id=\"a33350f\" data-element_type=\"column\">\n\t\t\t<div class=\"elementor-widget-wrap elementor-element-populated\">\n\t\t\t\t\t\t<div class=\"elementor-element elementor-element-389fe86 elementor-widget elementor-widget-image\" data-id=\"389fe86\" data-element_type=\"widget\" data-widget_type=\"image.default\">\n\t\t\t\t<div class=\"elementor-widget-container\">\n\t\t\t\t\t\t\t\t\t\t\t\t\t\t<a href=\"http:\/\/tekpanpanel.com\/wp-content\/uploads\/2023\/01\/1.pdf\" target=\"_blank\">\n\t\t\t\t\t\t\t<img fetchpriority=\"high\" decoding=\"async\" width=\"400\" height=\"559\" src=\"https:\/\/tekpanpanel.com\/eski\/wp-content\/uploads\/2023\/01\/1pdf.jpg\" class=\"elementor-animation-bob attachment-full size-full wp-image-17733\" alt=\"\" srcset=\"https:\/\/tekpanpanel.com\/eski\/wp-content\/uploads\/2023\/01\/1pdf.jpg 400w, https:\/\/tekpanpanel.com\/eski\/wp-content\/uploads\/2023\/01\/1pdf-215x300.jpg 215w\" sizes=\"(max-width: 400px) 100vw, 400px\" \/>\t\t\t\t\t\t\t\t<\/a>\n\t\t\t\t\t\t\t\t\t\t\t\t\t<\/div>\n\t\t\t\t<\/div>\n\t\t\t\t<div class=\"elementor-element elementor-element-5a39066 elementor-widget elementor-widget-heading\" data-id=\"5a39066\" data-element_type=\"widget\" data-widget_type=\"heading.default\">\n\t\t\t\t<div class=\"elementor-widget-container\">\n\t\t\t<h2 class=\"elementor-heading-title elementor-size-default\">CE Uygunluk Beyan\u0131<\/h2>\t\t<\/div>\n\t\t\t\t<\/div>\n\t\t\t\t\t<\/div>\n\t\t<\/div>\n\t\t\t\t<div class=\"elementor-column elementor-col-33 elementor-top-column elementor-element elementor-element-9441c45\" data-id=\"9441c45\" data-element_type=\"column\">\n\t\t\t<div class=\"elementor-widget-wrap elementor-element-populated\">\n\t\t\t\t\t\t<div class=\"elementor-element elementor-element-5e802d9 elementor-widget elementor-widget-image\" data-id=\"5e802d9\" data-element_type=\"widget\" data-widget_type=\"image.default\">\n\t\t\t\t<div class=\"elementor-widget-container\">\n\t\t\t\t\t\t\t\t\t\t\t\t\t\t<a href=\"http:\/\/tekpanpanel.com\/wp-content\/uploads\/2023\/01\/2.pdf\" target=\"_blank\">\n\t\t\t\t\t\t\t<img decoding=\"async\" width=\"400\" height=\"559\" src=\"https:\/\/tekpanpanel.com\/eski\/wp-content\/uploads\/2023\/01\/2pdf.jpg\" class=\"elementor-animation-bob attachment-full size-full wp-image-17732\" alt=\"\" srcset=\"https:\/\/tekpanpanel.com\/eski\/wp-content\/uploads\/2023\/01\/2pdf.jpg 400w, https:\/\/tekpanpanel.com\/eski\/wp-content\/uploads\/2023\/01\/2pdf-215x300.jpg 215w\" sizes=\"(max-width: 400px) 100vw, 400px\" \/>\t\t\t\t\t\t\t\t<\/a>\n\t\t\t\t\t\t\t\t\t\t\t\t\t<\/div>\n\t\t\t\t<\/div>\n\t\t\t\t<div class=\"elementor-element elementor-element-676a9da elementor-widget elementor-widget-heading\" data-id=\"676a9da\" data-element_type=\"widget\" data-widget_type=\"heading.default\">\n\t\t\t\t<div class=\"elementor-widget-container\">\n\t\t\t<h2 class=\"elementor-heading-title elementor-size-default\">ISO 9001:2015<\/h2>\t\t<\/div>\n\t\t\t\t<\/div>\n\t\t\t\t\t<\/div>\n\t\t<\/div>\n\t\t\t\t<div class=\"elementor-column elementor-col-33 elementor-top-column elementor-element elementor-element-f313a52\" data-id=\"f313a52\" data-element_type=\"column\">\n\t\t\t<div class=\"elementor-widget-wrap elementor-element-populated\">\n\t\t\t\t\t\t<div class=\"elementor-element elementor-element-88d3acf elementor-widget elementor-widget-image\" data-id=\"88d3acf\" data-element_type=\"widget\" data-widget_type=\"image.default\">\n\t\t\t\t<div class=\"elementor-widget-container\">\n\t\t\t\t\t\t\t\t\t\t\t\t\t\t<a href=\"http:\/\/tekpanpanel.com\/wp-content\/uploads\/2023\/01\/3.pdf\" target=\"_blank\">\n\t\t\t\t\t\t\t<img decoding=\"async\" width=\"400\" height=\"559\" src=\"https:\/\/tekpanpanel.com\/eski\/wp-content\/uploads\/2023\/01\/3pdf.jpg\" class=\"elementor-animation-bob attachment-full size-full wp-image-17731\" alt=\"\" srcset=\"https:\/\/tekpanpanel.com\/eski\/wp-content\/uploads\/2023\/01\/3pdf.jpg 400w, https:\/\/tekpanpanel.com\/eski\/wp-content\/uploads\/2023\/01\/3pdf-215x300.jpg 215w\" sizes=\"(max-width: 400px) 100vw, 400px\" \/>\t\t\t\t\t\t\t\t<\/a>\n\t\t\t\t\t\t\t\t\t\t\t\t\t<\/div>\n\t\t\t\t<\/div>\n\t\t\t\t<div class=\"elementor-element elementor-element-bda37d8 elementor-widget elementor-widget-heading\" data-id=\"bda37d8\" data-element_type=\"widget\" data-widget_type=\"heading.default\">\n\t\t\t\t<div class=\"elementor-widget-container\">\n\t\t\t<h2 class=\"elementor-heading-title elementor-size-default\">ISO 10002:2018<\/h2>\t\t<\/div>\n\t\t\t\t<\/div>\n\t\t\t\t\t<\/div>\n\t\t<\/div>\n\t\t\t\t\t<\/div>\n\t\t<\/section>\n\t\t\t\t<section class=\"elementor-section elementor-top-section elementor-element elementor-element-cb1a981 elementor-section-boxed elementor-section-height-default elementor-section-height-default\" data-id=\"cb1a981\" data-element_type=\"section\">\n\t\t\t\t\t\t<div class=\"elementor-container elementor-column-gap-default\">\n\t\t\t\t\t<div class=\"elementor-column elementor-col-33 elementor-top-column elementor-element elementor-element-f8a717e\" data-id=\"f8a717e\" data-element_type=\"column\">\n\t\t\t<div class=\"elementor-widget-wrap elementor-element-populated\">\n\t\t\t\t\t\t<div class=\"elementor-element elementor-element-a787c72 elementor-widget elementor-widget-image\" data-id=\"a787c72\" data-element_type=\"widget\" data-widget_type=\"image.default\">\n\t\t\t\t<div class=\"elementor-widget-container\">\n\t\t\t\t\t\t\t\t\t\t\t\t\t\t<a href=\"http:\/\/tekpanpanel.com\/wp-content\/uploads\/2023\/01\/4.pdf\" target=\"_blank\">\n\t\t\t\t\t\t\t<img loading=\"lazy\" decoding=\"async\" width=\"400\" height=\"559\" src=\"https:\/\/tekpanpanel.com\/eski\/wp-content\/uploads\/2023\/01\/4pdf.jpg\" class=\"elementor-animation-bob attachment-full size-full wp-image-17730\" alt=\"\" srcset=\"https:\/\/tekpanpanel.com\/eski\/wp-content\/uploads\/2023\/01\/4pdf.jpg 400w, https:\/\/tekpanpanel.com\/eski\/wp-content\/uploads\/2023\/01\/4pdf-215x300.jpg 215w\" sizes=\"(max-width: 400px) 100vw, 400px\" \/>\t\t\t\t\t\t\t\t<\/a>\n\t\t\t\t\t\t\t\t\t\t\t\t\t<\/div>\n\t\t\t\t<\/div>\n\t\t\t\t<div class=\"elementor-element elementor-element-63958c7 elementor-widget elementor-widget-heading\" data-id=\"63958c7\" data-element_type=\"widget\" data-widget_type=\"heading.default\">\n\t\t\t\t<div class=\"elementor-widget-container\">\n\t\t\t<h2 class=\"elementor-heading-title elementor-size-default\">ISO 14001:2015<\/h2>\t\t<\/div>\n\t\t\t\t<\/div>\n\t\t\t\t\t<\/div>\n\t\t<\/div>\n\t\t\t\t<div class=\"elementor-column elementor-col-33 elementor-top-column elementor-element elementor-element-a72b2ac\" data-id=\"a72b2ac\" data-element_type=\"column\">\n\t\t\t<div class=\"elementor-widget-wrap elementor-element-populated\">\n\t\t\t\t\t\t<div class=\"elementor-element elementor-element-7e09a37 elementor-widget elementor-widget-image\" data-id=\"7e09a37\" data-element_type=\"widget\" data-widget_type=\"image.default\">\n\t\t\t\t<div class=\"elementor-widget-container\">\n\t\t\t\t\t\t\t\t\t\t\t\t\t\t<a href=\"http:\/\/tekpanpanel.com\/wp-content\/uploads\/2023\/01\/5.pdf\" target=\"_blank\">\n\t\t\t\t\t\t\t<img loading=\"lazy\" decoding=\"async\" width=\"400\" height=\"559\" src=\"https:\/\/tekpanpanel.com\/eski\/wp-content\/uploads\/2023\/01\/5pdf.jpg\" class=\"elementor-animation-bob attachment-full size-full wp-image-17729\" alt=\"\" srcset=\"https:\/\/tekpanpanel.com\/eski\/wp-content\/uploads\/2023\/01\/5pdf.jpg 400w, https:\/\/tekpanpanel.com\/eski\/wp-content\/uploads\/2023\/01\/5pdf-215x300.jpg 215w\" sizes=\"(max-width: 400px) 100vw, 400px\" \/>\t\t\t\t\t\t\t\t<\/a>\n\t\t\t\t\t\t\t\t\t\t\t\t\t<\/div>\n\t\t\t\t<\/div>\n\t\t\t\t<div class=\"elementor-element elementor-element-d0247a1 elementor-widget elementor-widget-heading\" data-id=\"d0247a1\" data-element_type=\"widget\" data-widget_type=\"heading.default\">\n\t\t\t\t<div class=\"elementor-widget-container\">\n\t\t\t<h2 class=\"elementor-heading-title elementor-size-default\">ISO 45001:2018<\/h2>\t\t<\/div>\n\t\t\t\t<\/div>\n\t\t\t\t\t<\/div>\n\t\t<\/div>\n\t\t\t\t<div class=\"elementor-column elementor-col-33 elementor-top-column elementor-element elementor-element-d1fde8f\" data-id=\"d1fde8f\" data-element_type=\"column\">\n\t\t\t<div class=\"elementor-widget-wrap elementor-element-populated\">\n\t\t\t\t\t\t<div class=\"elementor-element elementor-element-fd2a1bf elementor-widget elementor-widget-image\" data-id=\"fd2a1bf\" data-element_type=\"widget\" data-widget_type=\"image.default\">\n\t\t\t\t<div class=\"elementor-widget-container\">\n\t\t\t\t\t\t\t\t\t\t\t\t\t\t<a href=\"http:\/\/tekpanpanel.com\/wp-content\/uploads\/2023\/01\/ERA-22-046-tr-kopyasi.pdf\" target=\"_blank\">\n\t\t\t\t\t\t\t<img loading=\"lazy\" decoding=\"async\" width=\"400\" height=\"559\" src=\"https:\/\/tekpanpanel.com\/eski\/wp-content\/uploads\/2023\/01\/6pdf.jpg\" class=\"elementor-animation-bob attachment-full size-full wp-image-17728\" alt=\"\" srcset=\"https:\/\/tekpanpanel.com\/eski\/wp-content\/uploads\/2023\/01\/6pdf.jpg 400w, https:\/\/tekpanpanel.com\/eski\/wp-content\/uploads\/2023\/01\/6pdf-215x300.jpg 215w\" sizes=\"(max-width: 400px) 100vw, 400px\" \/>\t\t\t\t\t\t\t\t<\/a>\n\t\t\t\t\t\t\t\t\t\t\t\t\t<\/div>\n\t\t\t\t<\/div>\n\t\t\t\t<div class=\"elementor-element elementor-element-deb09de elementor-widget elementor-widget-heading\" data-id=\"deb09de\" data-element_type=\"widget\" data-widget_type=\"heading.default\">\n\t\t\t\t<div class=\"elementor-widget-container\">\n\t\t\t<h2 class=\"elementor-heading-title elementor-size-default\">TS EN 13501-1:2019<\/h2>\t\t<\/div>\n\t\t\t\t<\/div>\n\t\t\t\t\t<\/div>\n\t\t<\/div>\n\t\t\t\t\t<\/div>\n\t\t<\/section>\n\t\t\t\t<section class=\"elementor-section elementor-top-section elementor-element elementor-element-20abe9e elementor-section-boxed elementor-section-height-default elementor-section-height-default\" data-id=\"20abe9e\" data-element_type=\"section\">\n\t\t\t\t\t\t<div class=\"elementor-container elementor-column-gap-default\">\n\t\t\t\t\t<div class=\"elementor-column elementor-col-33 elementor-top-column elementor-element elementor-element-a8c9502\" data-id=\"a8c9502\" data-element_type=\"column\">\n\t\t\t<div class=\"elementor-widget-wrap elementor-element-populated\">\n\t\t\t\t\t\t<div class=\"elementor-element elementor-element-38bb1d6 elementor-widget elementor-widget-image\" data-id=\"38bb1d6\" data-element_type=\"widget\" data-widget_type=\"image.default\">\n\t\t\t\t<div class=\"elementor-widget-container\">\n\t\t\t\t\t\t\t\t\t\t\t\t\t\t<a href=\"http:\/\/tekpanpanel.com\/wp-content\/uploads\/2023\/01\/FTST22200-TR-kopyasi.pdf\" target=\"_blank\">\n\t\t\t\t\t\t\t<img loading=\"lazy\" decoding=\"async\" width=\"400\" height=\"559\" src=\"https:\/\/tekpanpanel.com\/eski\/wp-content\/uploads\/2023\/01\/7pdf.jpg\" class=\"elementor-animation-bob attachment-full size-full wp-image-17727\" alt=\"\" srcset=\"https:\/\/tekpanpanel.com\/eski\/wp-content\/uploads\/2023\/01\/7pdf.jpg 400w, https:\/\/tekpanpanel.com\/eski\/wp-content\/uploads\/2023\/01\/7pdf-215x300.jpg 215w\" sizes=\"(max-width: 400px) 100vw, 400px\" \/>\t\t\t\t\t\t\t\t<\/a>\n\t\t\t\t\t\t\t\t\t\t\t\t\t<\/div>\n\t\t\t\t<\/div>\n\t\t\t\t<div class=\"elementor-element elementor-element-565d758 elementor-widget elementor-widget-heading\" data-id=\"565d758\" data-element_type=\"widget\" data-widget_type=\"heading.default\">\n\t\t\t\t<div class=\"elementor-widget-container\">\n\t\t\t<h2 class=\"elementor-heading-title elementor-size-default\">DENEY RAPORU<\/h2>\t\t<\/div>\n\t\t\t\t<\/div>\n\t\t\t\t\t<\/div>\n\t\t<\/div>\n\t\t\t\t<div class=\"elementor-column elementor-col-33 elementor-top-column elementor-element elementor-element-bdb603a\" data-id=\"bdb603a\" data-element_type=\"column\">\n\t\t\t<div class=\"elementor-widget-wrap elementor-element-populated\">\n\t\t\t\t\t\t<div class=\"elementor-element elementor-element-4062d35 elementor-widget elementor-widget-image\" data-id=\"4062d35\" data-element_type=\"widget\" data-widget_type=\"image.default\">\n\t\t\t\t<div class=\"elementor-widget-container\">\n\t\t\t\t\t\t\t\t\t\t\t\t\t\t<a href=\"http:\/\/tekpanpanel.com\/wp-content\/uploads\/2023\/01\/FTST22201-TR-kopyasi.pdf\" target=\"_blank\">\n\t\t\t\t\t\t\t<img loading=\"lazy\" decoding=\"async\" width=\"400\" height=\"559\" src=\"https:\/\/tekpanpanel.com\/eski\/wp-content\/uploads\/2023\/01\/8pdf.jpg\" class=\"elementor-animation-bob attachment-full size-full wp-image-17726\" alt=\"\" srcset=\"https:\/\/tekpanpanel.com\/eski\/wp-content\/uploads\/2023\/01\/8pdf.jpg 400w, https:\/\/tekpanpanel.com\/eski\/wp-content\/uploads\/2023\/01\/8pdf-215x300.jpg 215w\" sizes=\"(max-width: 400px) 100vw, 400px\" \/>\t\t\t\t\t\t\t\t<\/a>\n\t\t\t\t\t\t\t\t\t\t\t\t\t<\/div>\n\t\t\t\t<\/div>\n\t\t\t\t<div class=\"elementor-element elementor-element-f7b4ba1 elementor-widget elementor-widget-heading\" data-id=\"f7b4ba1\" data-element_type=\"widget\" data-widget_type=\"heading.default\">\n\t\t\t\t<div class=\"elementor-widget-container\">\n\t\t\t<h2 class=\"elementor-heading-title elementor-size-default\">DENEY RAPORU<\/h2>\t\t<\/div>\n\t\t\t\t<\/div>\n\t\t\t\t\t<\/div>\n\t\t<\/div>\n\t\t\t\t<div class=\"elementor-column elementor-col-33 elementor-top-column elementor-element elementor-element-a4eac42\" data-id=\"a4eac42\" data-element_type=\"column\">\n\t\t\t<div class=\"elementor-widget-wrap elementor-element-populated\">\n\t\t\t\t\t\t<div class=\"elementor-element elementor-element-084900b elementor-widget elementor-widget-image\" data-id=\"084900b\" data-element_type=\"widget\" data-widget_type=\"image.default\">\n\t\t\t\t<div class=\"elementor-widget-container\">\n\t\t\t\t\t\t\t\t\t\t\t\t\t\t<a href=\"http:\/\/tekpanpanel.com\/wp-content\/uploads\/2023\/01\/FTST22202-TR-kopyasi.pdf\" target=\"_blank\">\n\t\t\t\t\t\t\t<img loading=\"lazy\" decoding=\"async\" width=\"400\" height=\"559\" src=\"https:\/\/tekpanpanel.com\/eski\/wp-content\/uploads\/2023\/01\/9pdf.jpg\" class=\"elementor-animation-bob attachment-full size-full wp-image-17734\" alt=\"\" srcset=\"https:\/\/tekpanpanel.com\/eski\/wp-content\/uploads\/2023\/01\/9pdf.jpg 400w, https:\/\/tekpanpanel.com\/eski\/wp-content\/uploads\/2023\/01\/9pdf-215x300.jpg 215w\" sizes=\"(max-width: 400px) 100vw, 400px\" \/>\t\t\t\t\t\t\t\t<\/a>\n\t\t\t\t\t\t\t\t\t\t\t\t\t<\/div>\n\t\t\t\t<\/div>\n\t\t\t\t<div class=\"elementor-element elementor-element-6f67238 elementor-widget elementor-widget-heading\" data-id=\"6f67238\" data-element_type=\"widget\" data-widget_type=\"heading.default\">\n\t\t\t\t<div class=\"elementor-widget-container\">\n\t\t\t<h2 class=\"elementor-heading-title elementor-size-default\">DENEY RAPORU<\/h2>\t\t<\/div>\n\t\t\t\t<\/div>\n\t\t\t\t\t<\/div>\n\t\t<\/div>\n\t\t\t\t\t<\/div>\n\t\t<\/section>\n\t\t\t\t<\/div>\n\t\t","protected":false},"excerpt":{"rendered":"<p>Sertifikalar S\u00fcrekli geli\u015fim felsefesiyle m\u00fc\u015fterilerimizin beklentilerini en h\u0131zl\u0131 ve do\u011fru \u015fekildekar\u015f\u0131lamak temel amac\u0131m\u0131zd\u0131r. Bu ba\u011flamda \u00e7evrenin korunmas\u0131, enerji verimlili\u011fi ves\u00fcrd\u00fcr\u00fclebilirli\u011fin sa\u011flanmas\u0131 amac\u0131yla TSE \u015fartlar\u0131na ve yasal y\u00fck\u00fcml\u00fcl\u00fcklere uyumsa\u011flanarak \u00fcretim yapmakta ve hizmet vermekteyiz. CE Uygunluk Beyan\u0131 ISO 9001:2015 ISO 10002:2018 ISO 14001:2015 ISO 45001:2018 TS EN 13501-1:2019 DENEY RAPORU DENEY RAPORU DENEY RAPORU<\/p>\n","protected":false},"author":1,"featured_media":0,"parent":0,"menu_order":0,"comment_status":"closed","ping_status":"closed","template":"","meta":{"om_disable_all_campaigns":false,"footnotes":""},"class_list":["post-694","page","type-page","status-publish","hentry"],"aioseo_notices":[],"_links":{"self":[{"href":"https:\/\/tekpanpanel.com\/eski\/wp-json\/wp\/v2\/pages\/694","targetHints":{"allow":["GET"]}}],"collection":[{"href":"https:\/\/tekpanpanel.com\/eski\/wp-json\/wp\/v2\/pages"}],"about":[{"href":"https:\/\/tekpanpanel.com\/eski\/wp-json\/wp\/v2\/types\/page"}],"author":[{"embeddable":true,"href":"https:\/\/tekpanpanel.com\/eski\/wp-json\/wp\/v2\/users\/1"}],"replies":[{"embeddable":true,"href":"https:\/\/tekpanpanel.com\/eski\/wp-json\/wp\/v2\/comments?post=694"}],"version-history":[{"count":25,"href":"https:\/\/tekpanpanel.com\/eski\/wp-json\/wp\/v2\/pages\/694\/revisions"}],"predecessor-version":[{"id":17788,"href":"https:\/\/tekpanpanel.com\/eski\/wp-json\/wp\/v2\/pages\/694\/revisions\/17788"}],"wp:attachment":[{"href":"https:\/\/tekpanpanel.com\/eski\/wp-json\/wp\/v2\/media?parent=694"}],"curies":[{"name":"wp","href":"https:\/\/api.w.org\/{rel}","templated":true}]}}